{"id":10011,"date":"2025-08-15T11:12:01","date_gmt":"2025-08-15T11:12:01","guid":{"rendered":"https:\/\/en.samskip.webdev.is\/?page_id=10011"},"modified":"2026-01-28T09:33:15","modified_gmt":"2026-01-28T09:33:15","slug":"chart","status":"publish","type":"page","link":"https:\/\/www.samskip.is\/en\/chart\/","title":{"rendered":"Organizational Chart"},"content":{"rendered":"<p><div class=\"fusion-fullwidth fullwidth-box fusion-builder-row-1 fusion-flex-container has-pattern-background has-mask-background nonhundred-percent-fullwidth non-hundred-percent-height-scrolling\" style=\"--awb-border-radius-top-left:0px;--awb-border-radius-top-right:0px;--awb-border-radius-bottom-right:0px;--awb-border-radius-bottom-left:0px;--awb-padding-top:2%;--awb-padding-bottom:0%;--awb-padding-top-small:40px;--awb-padding-bottom-small:40px;--awb-flex-wrap:wrap;\" ><div class=\"fusion-builder-row fusion-row fusion-flex-align-items-flex-start fusion-flex-justify-content-space-between fusion-flex-content-wrap\" style=\"max-width:1456px;margin-left: calc(-4% \/ 2 );margin-right: calc(-4% \/ 2 );\"><div class=\"fusion-layout-column fusion_builder_column fusion-builder-column-0 fusion_builder_column_1_2 1_2 fusion-flex-column\" style=\"--awb-padding-right:52px;--awb-bg-size:cover;--awb-width-large:50%;--awb-margin-top-large:0px;--awb-spacing-right-large:3.84%;--awb-margin-bottom-large:0px;--awb-spacing-left-large:3.84%;--awb-width-medium:50%;--awb-order-medium:0;--awb-spacing-right-medium:3.84%;--awb-spacing-left-medium:3.84%;--awb-width-small:100%;--awb-order-small:0;--awb-spacing-right-small:1.92%;--awb-spacing-left-small:1.92%;\"><div class=\"fusion-column-wrapper fusion-column-has-shadow fusion-flex-justify-content-flex-start fusion-content-layout-column\"><div class=\"fusion-title title fusion-title-1 fusion-sep-none fusion-title-text fusion-title-size-two\" style=\"--awb-margin-top:-6px;--awb-font-size:36px;\"><h2 class=\"fusion-title-heading title-heading-left fusion-responsive-typography-calculated\" style=\"margin:0;font-size:1em;--fontSize:36;line-height:var(--awb-typography1-line-height);\">Samskip hf. Organizational Chart<\/h2><\/div><div class=\"fusion-text fusion-text-1\"><p>On the right is the organizational chart of Samskip hf. in Iceland. Click the image to view a larger version. Birkir H\u00f3lm Gu\u00f0nason is the CEO of Samskip hf.<\/p>\n<h4 class=\"fusion-responsive-typography-calculated\" style=\"--fontsize: 24; line-height: 1.2; --minfontsize: 24;\" data-fontsize=\"24\" data-lineheight=\"28.8px\">Executive Management of Samskip hf.<\/h4>\n<h6 class=\"\" style=\"--fontsize: 16; line-height: 1.2; --minfontsize: 16;\" data-fontsize=\"16\" data-lineheight=\"19.200001px\"><b><span style=\"font-size: 18px; font-family: Archivo; font-weight: bold;\" data-fusion-font=\"true\" data-fusion-google-font=\"Archivo\" data-fusion-google-variant=\"700\">Birkir H\u00f3lm Gu\u00f0nason<br \/>\n<\/span><\/b><span style=\"letter-spacing: -0.24px; background-color: rgba(0, 0, 0, 0);\">Chief Executive Officer<\/span><\/h6>\n<h6 class=\"\" style=\"--fontsize: 16; line-height: 1.2; --minfontsize: 16;\" data-fontsize=\"16\" data-lineheight=\"19.200001px\"><b style=\"font-size: 18px; font-family: Archivo; font-weight: bold;\" data-fusion-font=\"true\" data-fusion-google-font=\"Archivo\" data-fusion-google-variant=\"700\">Gu\u00f0mundur \u00de\u00f3r Gunnarsson<\/b><br \/>\n<span style=\"font-family: Archivo; font-weight: 400;\" data-fusion-font=\"true\" data-fusion-google-font=\"Archivo\" data-fusion-google-variant=\"400\">Chief Operating Officer<\/span><\/h6>\n<h6 class=\"\" style=\"--fontsize: 16; line-height: 1.2; --minfontsize: 16;\" data-fontsize=\"16\" data-lineheight=\"19.200001px\"><b><span style=\"font-size: 18px; font-family: Archivo; font-weight: bold;\" data-fusion-font=\"true\" data-fusion-google-font=\"Archivo\" data-fusion-google-variant=\"700\">Gunnar Kvaran<\/span><br \/>\n<\/b><span style=\"font-family: Archivo; font-weight: 400;\" data-fusion-font=\"true\" data-fusion-google-font=\"Archivo\" data-fusion-google-variant=\"400\">Chief Operating Officer, Export<\/span><\/h6>\n<h6 class=\"\" style=\"--fontsize: 16; line-height: 1.2; --minfontsize: 16;\" data-fontsize=\"16\" data-lineheight=\"19.200001px\"><b style=\"font-size: 18px; font-family: Archivo; font-weight: bold;\" data-fusion-font=\"true\" data-fusion-google-font=\"Archivo\" data-fusion-google-variant=\"700\">J\u00f3n Ingi \u00derastarson<\/b><br \/>\n<span style=\"font-family: Archivo; font-weight: 400;\" data-fusion-font=\"true\" data-fusion-google-font=\"Archivo\" data-fusion-google-variant=\"400\">Chief Operating Officer, Domestic <\/span><\/h6>\n<h6 class=\"\" style=\"--fontsize: 16; line-height: 1.2; --minfontsize: 16;\" data-fontsize=\"16\" data-lineheight=\"19.200001px\"><b style=\"font-family: Archivo; font-weight: bold; font-size: 18px;\" data-fusion-font=\"true\" data-fusion-google-font=\"Archivo\" data-fusion-google-variant=\"700\">Ott\u00f3 Sigur\u00f0sson<\/b><br \/>\n<span style=\"font-family: Archivo; font-weight: 400;\" data-fusion-font=\"true\" data-fusion-google-font=\"Archivo\" data-fusion-google-variant=\"400\">Chief Operating Officer, Import<\/span><\/h6>\n<\/div><\/div><\/div><div class=\"fusion-layout-column fusion_builder_column fusion-builder-column-1 fusion_builder_column_1_2 1_2 fusion-flex-column\" style=\"--awb-bg-size:cover;--awb-width-large:50%;--awb-margin-top-large:0px;--awb-spacing-right-large:3.84%;--awb-margin-bottom-large:0px;--awb-spacing-left-large:3.84%;--awb-width-medium:50%;--awb-order-medium:0;--awb-spacing-right-medium:3.84%;--awb-spacing-left-medium:3.84%;--awb-width-small:100%;--awb-order-small:0;--awb-spacing-right-small:1.92%;--awb-spacing-left-small:1.92%;\"><div class=\"fusion-column-wrapper fusion-column-has-shadow fusion-flex-justify-content-flex-start fusion-content-layout-column\"><div class=\"fusion-image-element \" style=\"--awb-caption-title-font-family:var(--h2_typography-font-family);--awb-caption-title-font-weight:var(--h2_typography-font-weight);--awb-caption-title-font-style:var(--h2_typography-font-style);--awb-caption-title-size:var(--h2_typography-font-size);--awb-caption-title-transform:var(--h2_typography-text-transform);--awb-caption-title-line-height:var(--h2_typography-line-height);--awb-caption-title-letter-spacing:var(--h2_typography-letter-spacing);\"><span class=\" fusion-imageframe imageframe-none imageframe-1 hover-type-none\"><a href=\"https:\/\/www.samskip.is\/en\/wp-content\/uploads\/sites\/9\/2025\/11\/skipurit-2025.png\" class=\"fusion-lightbox\" data-rel=\"iLightbox[a6a410943b8a5cffb9b]\" data-title=\"skipurit-2025\" title=\"skipurit-2025\"><img decoding=\"async\" width=\"842\" height=\"727\" alt=\"Skipurit Samskipa hf.\" src=\"https:\/\/www.samskip.is\/en\/wp-content\/uploads\/sites\/9\/2025\/11\/skipurit-2025.png\" class=\"img-responsive wp-image-10874\" srcset=\"https:\/\/www.samskip.is\/en\/wp-content\/uploads\/sites\/9\/2025\/11\/skipurit-2025-200x173.png 200w, https:\/\/www.samskip.is\/en\/wp-content\/uploads\/sites\/9\/2025\/11\/skipurit-2025-400x345.png 400w, https:\/\/www.samskip.is\/en\/wp-content\/uploads\/sites\/9\/2025\/11\/skipurit-2025-600x518.png 600w, https:\/\/www.samskip.is\/en\/wp-content\/uploads\/sites\/9\/2025\/11\/skipurit-2025-800x691.png 800w, https:\/\/www.samskip.is\/en\/wp-content\/uploads\/sites\/9\/2025\/11\/skipurit-2025.png 842w\" sizes=\"(max-width: 640px) 100vw, 800px\" \/><\/a><\/span><\/div><\/div><\/div><\/div><\/div><div class=\"fusion-fullwidth fullwidth-box fusion-builder-row-2 fusion-flex-container has-pattern-background has-mask-background nonhundred-percent-fullwidth non-hundred-percent-height-scrolling\" style=\"--awb-border-radius-top-left:0px;--awb-border-radius-top-right:0px;--awb-border-radius-bottom-right:0px;--awb-border-radius-bottom-left:0px;--awb-flex-wrap:wrap;\" ><div class=\"fusion-builder-row fusion-row fusion-flex-align-items-flex-start fusion-flex-content-wrap\" style=\"max-width:1456px;margin-left: calc(-4% \/ 2 );margin-right: calc(-4% \/ 2 );\"><div class=\"fusion-layout-column fusion_builder_column fusion-builder-column-2 fusion_builder_column_1_1 1_1 fusion-flex-column\" style=\"--awb-bg-size:cover;--awb-width-large:100%;--awb-margin-top-large:0px;--awb-spacing-right-large:1.92%;--awb-margin-bottom-large:0px;--awb-spacing-left-large:1.92%;--awb-width-medium:100%;--awb-order-medium:0;--awb-spacing-right-medium:1.92%;--awb-spacing-left-medium:1.92%;--awb-width-small:100%;--awb-order-small:0;--awb-spacing-right-small:1.92%;--awb-spacing-left-small:1.92%;\"><div class=\"fusion-column-wrapper fusion-column-has-shadow fusion-flex-justify-content-flex-start fusion-content-layout-column\"><div class=\"fusion-separator fusion-full-width-sep\" style=\"align-self: center;margin-left: auto;margin-right: auto;margin-top:30px;margin-bottom:30px;width:100%;\"><div class=\"fusion-separator-border sep-single sep-solid\" style=\"--awb-height:20px;--awb-amount:20px;border-color:var(--awb-color3);border-top-width:2px;\"><\/div><\/div><\/div><\/div><\/div><\/div><div class=\"fusion-fullwidth fullwidth-box fusion-builder-row-3 fusion-flex-container has-pattern-background has-mask-background nonhundred-percent-fullwidth non-hundred-percent-height-scrolling\" style=\"--awb-border-radius-top-left:0px;--awb-border-radius-top-right:0px;--awb-border-radius-bottom-right:0px;--awb-border-radius-bottom-left:0px;--awb-padding-top:15px;--awb-flex-wrap:wrap;\" ><div class=\"fusion-builder-row fusion-row fusion-flex-align-items-flex-start fusion-flex-content-wrap\" style=\"max-width:1456px;margin-left: calc(-4% \/ 2 );margin-right: calc(-4% \/ 2 );\"><div class=\"fusion-layout-column fusion_builder_column fusion-builder-column-3 fusion_builder_column_1_2 1_2 fusion-flex-column\" style=\"--awb-bg-size:cover;--awb-width-large:50%;--awb-margin-top-large:0px;--awb-spacing-right-large:3.84%;--awb-margin-bottom-large:0px;--awb-spacing-left-large:3.84%;--awb-width-medium:50%;--awb-order-medium:0;--awb-spacing-right-medium:3.84%;--awb-spacing-left-medium:3.84%;--awb-width-small:100%;--awb-order-small:0;--awb-spacing-right-small:1.92%;--awb-spacing-left-small:1.92%;\"><div class=\"fusion-column-wrapper fusion-column-has-shadow fusion-flex-justify-content-center fusion-content-layout-row\"><div class=\"fusion-text fusion-text-2\"><h4>English<\/h4>\n<\/div><div class=\"fusion-image-element \" style=\"--awb-caption-title-font-family:var(--h2_typography-font-family);--awb-caption-title-font-weight:var(--h2_typography-font-weight);--awb-caption-title-font-style:var(--h2_typography-font-style);--awb-caption-title-size:var(--h2_typography-font-size);--awb-caption-title-transform:var(--h2_typography-text-transform);--awb-caption-title-line-height:var(--h2_typography-line-height);--awb-caption-title-letter-spacing:var(--h2_typography-letter-spacing);\"><span class=\" fusion-imageframe imageframe-none imageframe-2 hover-type-none\"><a href=\"https:\/\/www.samskip.is\/en\/wp-content\/uploads\/sites\/9\/2025\/11\/skipurit-2025-ENG.png\" class=\"fusion-lightbox\" data-rel=\"iLightbox[ba968790dd23b5e7eb5]\" data-title=\"skipurit-2025-ENG\" title=\"skipurit-2025-ENG\"><img decoding=\"async\" width=\"842\" height=\"727\" alt=\"Skipurit Samskipa \u00b7 Enska\" src=\"https:\/\/www.samskip.is\/en\/wp-content\/uploads\/sites\/9\/2025\/11\/skipurit-2025-ENG.png\" class=\"img-responsive wp-image-10875\" srcset=\"https:\/\/www.samskip.is\/en\/wp-content\/uploads\/sites\/9\/2025\/11\/skipurit-2025-ENG-200x173.png 200w, https:\/\/www.samskip.is\/en\/wp-content\/uploads\/sites\/9\/2025\/11\/skipurit-2025-ENG-400x345.png 400w, https:\/\/www.samskip.is\/en\/wp-content\/uploads\/sites\/9\/2025\/11\/skipurit-2025-ENG-600x518.png 600w, https:\/\/www.samskip.is\/en\/wp-content\/uploads\/sites\/9\/2025\/11\/skipurit-2025-ENG-800x691.png 800w, https:\/\/www.samskip.is\/en\/wp-content\/uploads\/sites\/9\/2025\/11\/skipurit-2025-ENG.png 842w\" sizes=\"(max-width: 640px) 100vw, 800px\" \/><\/a><\/span><\/div><\/div><\/div><div class=\"fusion-layout-column fusion_builder_column fusion-builder-column-4 fusion_builder_column_1_2 1_2 fusion-flex-column\" style=\"--awb-bg-size:cover;--awb-width-large:50%;--awb-margin-top-large:0px;--awb-spacing-right-large:3.84%;--awb-margin-bottom-large:0px;--awb-spacing-left-large:3.84%;--awb-width-medium:50%;--awb-order-medium:0;--awb-spacing-right-medium:3.84%;--awb-spacing-left-medium:3.84%;--awb-width-small:100%;--awb-order-small:0;--awb-spacing-right-small:1.92%;--awb-spacing-left-small:1.92%;\"><div class=\"fusion-column-wrapper fusion-column-has-shadow fusion-flex-justify-content-center fusion-content-layout-row\"><div class=\"fusion-text fusion-text-3\"><h4 class=\"fusion-responsive-typography-calculated\" style=\"--fontsize: 24; line-height: 1; --minfontsize: 24;\" data-fontsize=\"24\" data-lineheight=\"24px\">Organizational chart + CFO<\/h4>\n<\/div><div class=\"fusion-image-element \" style=\"--awb-margin-top:80px;--awb-caption-title-font-family:var(--h2_typography-font-family);--awb-caption-title-font-weight:var(--h2_typography-font-weight);--awb-caption-title-font-style:var(--h2_typography-font-style);--awb-caption-title-size:var(--h2_typography-font-size);--awb-caption-title-transform:var(--h2_typography-text-transform);--awb-caption-title-line-height:var(--h2_typography-line-height);--awb-caption-title-letter-spacing:var(--h2_typography-letter-spacing);\"><span class=\" fusion-imageframe imageframe-none imageframe-3 hover-type-none\"><a href=\"https:\/\/www.samskip.is\/en\/wp-content\/uploads\/sites\/9\/2025\/11\/skipurit-CFO-wide-2025.png\" class=\"fusion-lightbox\" data-rel=\"iLightbox[75caab533fd0d0eeaaa]\" data-title=\"skipurit-CFO-wide-2025\" title=\"skipurit-CFO-wide-2025\"><img decoding=\"async\" width=\"1920\" height=\"1080\" src=\"https:\/\/www.samskip.is\/en\/wp-content\/uploads\/sites\/9\/2025\/11\/skipurit-CFO-wide-2025.png\" alt class=\"img-responsive wp-image-10873\" srcset=\"https:\/\/www.samskip.is\/en\/wp-content\/uploads\/sites\/9\/2025\/11\/skipurit-CFO-wide-2025-200x113.png 200w, https:\/\/www.samskip.is\/en\/wp-content\/uploads\/sites\/9\/2025\/11\/skipurit-CFO-wide-2025-400x225.png 400w, https:\/\/www.samskip.is\/en\/wp-content\/uploads\/sites\/9\/2025\/11\/skipurit-CFO-wide-2025-600x338.png 600w, https:\/\/www.samskip.is\/en\/wp-content\/uploads\/sites\/9\/2025\/11\/skipurit-CFO-wide-2025-800x450.png 800w, https:\/\/www.samskip.is\/en\/wp-content\/uploads\/sites\/9\/2025\/11\/skipurit-CFO-wide-2025-1200x675.png 1200w, https:\/\/www.samskip.is\/en\/wp-content\/uploads\/sites\/9\/2025\/11\/skipurit-CFO-wide-2025.png 1920w\" sizes=\"(max-width: 640px) 100vw, 800px\" \/><\/a><\/span><\/div><\/div><\/div><\/div><\/div><div class=\"fusion-fullwidth fullwidth-box fusion-builder-row-4 fusion-flex-container has-pattern-background has-mask-background nonhundred-percent-fullwidth non-hundred-percent-height-scrolling\" style=\"--awb-border-radius-top-left:0px;--awb-border-radius-top-right:0px;--awb-border-radius-bottom-right:0px;--awb-border-radius-bottom-left:0px;--awb-padding-top-small:40px;--awb-padding-bottom-small:40px;--awb-margin-top:4%;--awb-margin-bottom:4%;--awb-margin-top-small:0px;--awb-margin-bottom-small:0px;--awb-flex-wrap:wrap;\" ><div class=\"fusion-builder-row fusion-row fusion-flex-align-items-flex-start fusion-flex-content-wrap\" style=\"max-width:1456px;margin-left: calc(-4% \/ 2 );margin-right: calc(-4% \/ 2 );\"><div class=\"fusion-layout-column fusion_builder_column fusion-builder-column-5 fusion_builder_column_1_1 1_1 fusion-flex-column\" style=\"--awb-bg-size:cover;--awb-width-large:100%;--awb-margin-top-large:0px;--awb-spacing-right-large:1.92%;--awb-margin-bottom-large:0px;--awb-spacing-left-large:1.92%;--awb-width-medium:100%;--awb-order-medium:0;--awb-spacing-right-medium:1.92%;--awb-spacing-left-medium:1.92%;--awb-width-small:100%;--awb-order-small:0;--awb-spacing-right-small:1.92%;--awb-spacing-left-small:1.92%;\"><div class=\"fusion-column-wrapper fusion-column-has-shadow fusion-flex-justify-content-flex-start fusion-content-layout-column\"><div class=\"fusion-title title fusion-title-2 fusion-sep-none fusion-title-text fusion-title-size-two\" style=\"--awb-text-color:var(--awb-color4);--awb-font-size:46px;\"><h2 class=\"fusion-title-heading title-heading-left fusion-responsive-typography-calculated\" style=\"margin:0;font-size:1em;--fontSize:46;line-height:var(--awb-typography1-line-height);\">Further information<\/h2><\/div><div class=\"fusion-separator fusion-full-width-sep\" style=\"align-self: center;margin-left: auto;margin-right: auto;margin-top:30px;width:100%;\"><\/div><\/div><\/div><div class=\"fusion-layout-column fusion_builder_column fusion-builder-column-6 fusion_builder_column_1_1 1_1 fusion-flex-column\" style=\"--awb-bg-size:cover;--awb-width-large:100%;--awb-margin-top-large:0px;--awb-spacing-right-large:1.92%;--awb-margin-bottom-large:0px;--awb-spacing-left-large:1.92%;--awb-width-medium:100%;--awb-order-medium:0;--awb-spacing-right-medium:1.92%;--awb-spacing-left-medium:1.92%;--awb-width-small:100%;--awb-order-small:0;--awb-spacing-right-small:1.92%;--awb-spacing-left-small:1.92%;\"><div class=\"fusion-column-wrapper fusion-column-has-shadow fusion-flex-justify-content-flex-start fusion-content-layout-column\"><div class=\"fusion-post-cards fusion-post-cards-1 fusion-grid-archive fusion-grid-columns-2\" style=\"--awb-dots-align:center;--awb-columns:2;--awb-active-filter-border-size:3px;--awb-filters-height:36px;--awb-columns-small:100%;\"><ul class=\"fusion-grid fusion-grid-2 fusion-flex-align-items-flex-start fusion-grid-posts-cards\"><li class=\"fusion-layout-column fusion_builder_column fusion-builder-column-7 fusion-flex-column post-card fusion-grid-column fusion-post-cards-grid-column\" style=\"--awb-bg-color:var(--awb-color1);--awb-bg-color-hover:var(--awb-color1);--awb-bg-blend:overlay;--awb-bg-size:cover;--awb-box-shadow:5px 5px 42px 3px rgba(0,0,0,0.06);;\" data-scroll-devices=\"small-visibility,medium-visibility,large-visibility\"><div class=\"fusion-column-wrapper fusion-column-has-shadow fusion-flex-justify-content-center fusion-content-layout-column\"><div class=\"fusion-builder-row fusion-builder-row-inner fusion-row fusion-flex-align-items-flex-start fusion-flex-content-wrap\" style=\"width:104% !important;max-width:104% !important;margin-left: calc(-4% \/ 2 );margin-right: calc(-4% \/ 2 );\"><div class=\"fusion-layout-column fusion_builder_column_inner fusion-builder-nested-column-0 fusion_builder_column_inner_1_3 1_3 fusion-flex-column fusion-flex-align-self-center\" style=\"--awb-bg-size:cover;--awb-width-large:33.333333333333%;--awb-margin-top-large:0px;--awb-spacing-right-large:5.76%;--awb-margin-bottom-large:0px;--awb-spacing-left-large:5.76%;--awb-width-medium:33.333333333333%;--awb-order-medium:0;--awb-spacing-right-medium:5.76%;--awb-spacing-left-medium:5.76%;--awb-width-small:50%;--awb-order-small:0;--awb-spacing-right-small:3.84%;--awb-spacing-left-small:3.84%;\" data-scroll-devices=\"small-visibility,medium-visibility,large-visibility\"><div class=\"fusion-column-wrapper fusion-column-has-shadow fusion-flex-justify-content-center fusion-content-layout-column\"><div class=\"fusion-image-element \" style=\"--awb-caption-title-font-family:var(--h2_typography-font-family);--awb-caption-title-font-weight:var(--h2_typography-font-weight);--awb-caption-title-font-style:var(--h2_typography-font-style);--awb-caption-title-size:var(--h2_typography-font-size);--awb-caption-title-transform:var(--h2_typography-text-transform);--awb-caption-title-line-height:var(--h2_typography-line-height);--awb-caption-title-letter-spacing:var(--h2_typography-letter-spacing);\"><span class=\" fusion-imageframe imageframe-none imageframe-4 hover-type-none\"><img decoding=\"async\" width=\"188\" height=\"218\" title=\"agusta-hrund_lit\" src=\"https:\/\/www.samskip.is\/en\/wp-content\/uploads\/sites\/9\/2024\/09\/agusta-hrund_lit.jpg\" alt class=\"img-responsive wp-image-10027\"\/><\/span><\/div><\/div><\/div><div class=\"fusion-layout-column fusion_builder_column_inner fusion-builder-nested-column-1 fusion_builder_column_inner_2_3 2_3 fusion-flex-column fusion-flex-align-self-center\" style=\"--awb-bg-size:cover;--awb-width-large:66.666666666667%;--awb-margin-top-large:0px;--awb-spacing-right-large:2.88%;--awb-margin-bottom-large:0px;--awb-spacing-left-large:2.88%;--awb-width-medium:66.666666666667%;--awb-order-medium:0;--awb-spacing-right-medium:2.88%;--awb-spacing-left-medium:2.88%;--awb-width-small:50%;--awb-order-small:0;--awb-spacing-right-small:3.84%;--awb-spacing-left-small:3.84%;\" data-scroll-devices=\"small-visibility,medium-visibility,large-visibility\"><div class=\"fusion-column-wrapper fusion-column-has-shadow fusion-flex-justify-content-center fusion-content-layout-column\"><div class=\"fusion-title title fusion-title-3 fusion-no-small-visibility fusion-sep-none fusion-title-text fusion-title-size-five\" style=\"--awb-font-size:18px;\"><h5 class=\"fusion-title-heading title-heading-left fusion-responsive-typography-calculated\" style=\"margin:0;font-size:1em;--fontSize:18;--minFontSize:18;line-height:var(--awb-typography1-line-height);\">\u00c1g\u00fasta Hrund Steinarsd\u00f3ttir<\/h5><\/div><div class=\"fusion-title title fusion-title-4 fusion-no-medium-visibility fusion-no-large-visibility fusion-sep-none fusion-title-text fusion-title-size-four\" style=\"--awb-font-size:18px;\"><h4 class=\"fusion-title-heading title-heading-left fusion-responsive-typography-calculated\" style=\"margin:0;font-size:1em;--fontSize:18;--minFontSize:18;line-height:1.0;\">\u00c1g\u00fasta Hrund Steinarsd\u00f3ttir<\/h4><\/div><div class=\"fusion-title title fusion-title-5 fusion-no-small-visibility fusion-sep-none fusion-title-text fusion-title-size-four\" style=\"--awb-margin-top:-10px;--awb-font-size:15px;\"><h4 class=\"fusion-title-heading title-heading-left fusion-responsive-typography-calculated\" style=\"font-family:&quot;Archivo&quot;;font-style:normal;font-weight:300;margin:0;font-size:1em;--fontSize:15;--minFontSize:15;line-height:1.0;\">Forst\u00f6\u00f0uma\u00f0ur marka\u00f0s- og samskiptasvi\u00f0s<\/h4><\/div><div class=\"fusion-title title fusion-title-6 fusion-no-medium-visibility fusion-no-large-visibility fusion-sep-none fusion-title-text fusion-title-size-four\" style=\"--awb-font-size:14px;\"><h4 class=\"fusion-title-heading title-heading-left fusion-responsive-typography-calculated\" style=\"font-family:&quot;Archivo&quot;;font-style:normal;font-weight:300;margin:0;font-size:1em;--fontSize:14;--minFontSize:14;line-height:1.0;\">Forst\u00f6\u00f0uma\u00f0ur marka\u00f0s- og samskiptasvi\u00f0s<\/h4><\/div><div class=\"fusion-social-links fusion-social-links-1\" style=\"--awb-margin-top:0px;--awb-margin-right:0px;--awb-margin-bottom:0px;--awb-margin-left:0px;--awb-box-border-top:0px;--awb-box-border-right:0px;--awb-box-border-bottom:0px;--awb-box-border-left:0px;--awb-icon-colors-hover:var(--awb-color4);--awb-box-colors-hover:var(--awb-color1);--awb-box-border-color:var(--awb-color3);--awb-box-border-color-hover:var(--awb-color4);\"><div class=\"fusion-social-networks color-type-custom\"><div class=\"fusion-social-networks-wrapper\"><a class=\"fusion-social-network-icon fusion-tooltip fusion-mail awb-icon-mail\" style=\"color:var(--awb-color3);font-size:20px;\" data-placement=\"top\" data-title=\"Email\" data-toggle=\"tooltip\" title=\"Email\" aria-label=\"mail\" target=\"_blank\" rel=\"noopener noreferrer\" href=\"mailto:ag&#117;s&#116;a&#046;h&#114;&#117;&#110;d.s&#116;e&#105;&#110;ar&#115;&#100;ott&#105;&#114;&#064;&#115;&#097;&#109;&#115;kip.c&#111;&#109;\"><\/a><a class=\"fusion-social-network-icon fusion-tooltip fusion-phone awb-icon-phone\" style=\"color:var(--awb-color3);font-size:20px;\" data-placement=\"top\" data-title=\"Phone\" data-toggle=\"tooltip\" title=\"Phone\" aria-label=\"phone\" target=\"_self\" rel=\"noopener noreferrer\" href=\"tel:003546661777\"><\/a><\/div><\/div><\/div><\/div><\/div><\/div><\/div><\/li>\n<\/ul><\/div><\/div><\/div><\/div><\/div><\/p>\n","protected":false},"excerpt":{"rendered":"","protected":false},"author":16,"featured_media":0,"parent":0,"menu_order":0,"comment_status":"closed","ping_status":"closed","template":"","meta":{"_acf_changed":false,"footnotes":""},"class_list":["post-10011","page","type-page","status-publish","hentry"],"acf":[],"_links":{"self":[{"href":"https:\/\/www.samskip.is\/en\/wp-json\/wp\/v2\/pages\/10011","targetHints":{"allow":["GET"]}}],"collection":[{"href":"https:\/\/www.samskip.is\/en\/wp-json\/wp\/v2\/pages"}],"about":[{"href":"https:\/\/www.samskip.is\/en\/wp-json\/wp\/v2\/types\/page"}],"author":[{"embeddable":true,"href":"https:\/\/www.samskip.is\/en\/wp-json\/wp\/v2\/users\/16"}],"replies":[{"embeddable":true,"href":"https:\/\/www.samskip.is\/en\/wp-json\/wp\/v2\/comments?post=10011"}],"version-history":[{"count":23,"href":"https:\/\/www.samskip.is\/en\/wp-json\/wp\/v2\/pages\/10011\/revisions"}],"predecessor-version":[{"id":1298379413,"href":"https:\/\/www.samskip.is\/en\/wp-json\/wp\/v2\/pages\/10011\/revisions\/1298379413"}],"wp:attachment":[{"href":"https:\/\/www.samskip.is\/en\/wp-json\/wp\/v2\/media?parent=10011"}],"curies":[{"name":"wp","href":"https:\/\/api.w.org\/{rel}","templated":true}]}}