{"id":10604,"date":"2025-09-24T13:36:12","date_gmt":"2025-09-24T13:36:12","guid":{"rendered":"https:\/\/en.samskip.webdev.is\/?page_id=10604"},"modified":"2026-01-29T09:22:23","modified_gmt":"2026-01-29T09:22:23","slug":"incoterms","status":"publish","type":"page","link":"https:\/\/www.samskip.is\/en\/transport\/incoterms\/","title":{"rendered":"Incoterms"},"content":{"rendered":"<div class=\"fusion-fullwidth fullwidth-box fusion-builder-row-1 fusion-flex-container has-pattern-background has-mask-background nonhundred-percent-fullwidth non-hundred-percent-height-scrolling\" style=\"--awb-border-radius-top-left:0px;--awb-border-radius-top-right:0px;--awb-border-radius-bottom-right:0px;--awb-border-radius-bottom-left:0px;--awb-padding-top:0px;--awb-margin-top:0%;--awb-margin-bottom:4%;--awb-flex-wrap:wrap;\" ><div class=\"fusion-builder-row fusion-row fusion-flex-align-items-flex-start fusion-flex-content-wrap\" style=\"max-width:1456px;margin-left: calc(-4% \/ 2 );margin-right: calc(-4% \/ 2 );\"><div class=\"fusion-layout-column fusion_builder_column fusion-builder-column-0 fusion_builder_column_1_2 1_2 fusion-flex-column\" style=\"--awb-padding-top:31px;--awb-bg-size:cover;--awb-width-large:50%;--awb-margin-top-large:0px;--awb-spacing-right-large:3.84%;--awb-margin-bottom-large:0px;--awb-spacing-left-large:7.68%;--awb-width-medium:50%;--awb-order-medium:0;--awb-spacing-right-medium:3.84%;--awb-spacing-left-medium:7.68%;--awb-width-small:100%;--awb-order-small:0;--awb-spacing-right-small:1.92%;--awb-spacing-left-small:1.92%;\"><div class=\"fusion-column-wrapper fusion-column-has-shadow fusion-flex-justify-content-flex-start fusion-content-layout-column\"><div class=\"fusion-image-element \" style=\"--awb-margin-bottom:35px;--awb-caption-title-font-family:var(--h2_typography-font-family);--awb-caption-title-font-weight:var(--h2_typography-font-weight);--awb-caption-title-font-style:var(--h2_typography-font-style);--awb-caption-title-size:var(--h2_typography-font-size);--awb-caption-title-transform:var(--h2_typography-text-transform);--awb-caption-title-line-height:var(--h2_typography-line-height);--awb-caption-title-letter-spacing:var(--h2_typography-letter-spacing);\"><span class=\" fusion-imageframe imageframe-none imageframe-1 hover-type-none\"><a href=\"https:\/\/www.samskip.is\/en\/wp-content\/uploads\/sites\/9\/2025\/08\/Incoterms-Samskip.png\" class=\"fusion-lightbox\" data-rel=\"iLightbox[fea9f42358d755eee1d]\" data-title=\"Incoterms-Samskip\" title=\"Incoterms-Samskip\"><img decoding=\"async\" width=\"1867\" height=\"1241\" alt=\"Click for a bigger image\" src=\"https:\/\/www.samskip.is\/en\/wp-content\/uploads\/sites\/9\/2025\/08\/Incoterms-Samskip.png\" class=\"img-responsive wp-image-9668\" srcset=\"https:\/\/www.samskip.is\/en\/wp-content\/uploads\/sites\/9\/2025\/08\/Incoterms-Samskip-200x133.png 200w, https:\/\/www.samskip.is\/en\/wp-content\/uploads\/sites\/9\/2025\/08\/Incoterms-Samskip-400x266.png 400w, https:\/\/www.samskip.is\/en\/wp-content\/uploads\/sites\/9\/2025\/08\/Incoterms-Samskip-600x399.png 600w, https:\/\/www.samskip.is\/en\/wp-content\/uploads\/sites\/9\/2025\/08\/Incoterms-Samskip-800x532.png 800w, https:\/\/www.samskip.is\/en\/wp-content\/uploads\/sites\/9\/2025\/08\/Incoterms-Samskip-1200x798.png 1200w, https:\/\/www.samskip.is\/en\/wp-content\/uploads\/sites\/9\/2025\/08\/Incoterms-Samskip.png 1867w\" sizes=\"(max-width: 640px) 100vw, 800px\" \/><\/a><\/span><\/div><\/div><\/div><div class=\"fusion-layout-column fusion_builder_column fusion-builder-column-1 fusion_builder_column_1_2 1_2 fusion-flex-column\" style=\"--awb-padding-top:31px;--awb-bg-size:cover;--awb-width-large:50%;--awb-margin-top-large:0px;--awb-spacing-right-large:3.84%;--awb-margin-bottom-large:0px;--awb-spacing-left-large:7.68%;--awb-width-medium:50%;--awb-order-medium:0;--awb-spacing-right-medium:3.84%;--awb-spacing-left-medium:7.68%;--awb-width-small:100%;--awb-order-small:0;--awb-spacing-right-small:1.92%;--awb-spacing-left-small:1.92%;\"><div class=\"fusion-column-wrapper fusion-column-has-shadow fusion-flex-justify-content-flex-start fusion-content-layout-column\"><div class=\"fusion-text fusion-text-1\"><h2 class=\"article__h1\">Incoterms<\/h2>\n<\/div><div class=\"fusion-text fusion-text-2\"><p class=\"p1\"><b>Incoterms\u00ae 2020 are standardized trade terms (e.g., FCA, FOB, and CIF) issued by the <\/b> <a class=\"secure external\" style=\"font-size: 16px; color: var(--awb-color5);\" title=\"InternationalChamber of Commerce (ICC). (Opnast \u00ed n\u00fdjum vafraglugga)\" href=\"https:\/\/iccwbo.org\/resources-for-business\/incoterms-rules\/incoterms-2020\/\" target=\"_blank\" rel=\"noopener\"><u>International Chamber of Commerce (ICC).<\/u><\/a><\/p>\n<div class=\"article__boxbody\">\n<p class=\"p1\"><a class=\"secure external\" title=\"Vi\u00f0skiptar\u00e1\u00f0\u00cdslands (Opnast \u00ed n\u00fdjum vafraglugga)\" href=\"https:\/\/vi.is\/\" target=\"_blank\" rel=\"noopener\"><b style=\"color: var(--awb-color5);\"><u>The Iceland Chamber of Commerce<\/u><\/b><\/a> is a member of the ICC. Incoterms\u00ae 2020 enable exporters to provide price quotations in which the allocation of costs and risks incurred during the transport of goods between the seller and the buyer is clearly defined.<\/p>\n<p class=\"p1\">There are eleven (11) Incoterms\u00ae, which can be viewed as steps in the transfer of responsibilities for transport, payment of costs, and the risk of loss or damage from the seller to the buyer. <strong data-fusion-font=\"true\" data-fusion-google-font=\"Archivo\" data-fusion-google-variant=\"700\" style=\"font-family: Archivo; font-weight: 700;\">EXW<\/strong> (\u201cEx Works\u201d) is the Incoterm that places the fewest obligations on the seller and is typically used when delivery of the goods takes place at the seller\u2019s premises. At the other end of the scale is <strong data-fusion-font=\"true\" data-fusion-google-font=\"Archivo\" data-fusion-google-variant=\"700\" style=\"font-family: Archivo; font-weight: 700;\">DDP<\/strong> (\u201cDelivered Duty Paid\u201d), which places the greatest obligations on the seller and is used, for example, when delivery takes place at the buyer\u2019s premises.<\/p>\n<p><span style=\"font-family: Archivo; font-weight: bold;\" data-fusion-font=\"true\" data-fusion-google-font=\"Archivo\" data-fusion-google-variant=\"700\">The Incoterms\u00ae that apply exclusively to sea and inland waterway transport are:<\/span><br \/>\n<strong>FAS<\/strong>, <strong>FOB<\/strong>, <strong>CFR,<\/strong> and <strong>CIF<\/strong>.<\/p>\n<p><span style=\"font-family: Archivo; font-weight: bold;\" data-fusion-font=\"true\" data-fusion-google-font=\"Archivo\" data-fusion-google-variant=\"700\">The Incoterms\u00ae that apply to containerized transport and all modes of transport, including multimodal transport, are:<\/span><br \/>\n<strong>EXW<\/strong>, <strong>FCA<\/strong>, <strong>CIP<\/strong>, <strong>CPT<\/strong>, <strong>DAT<\/strong>, <strong>DAP,<\/strong> and <strong>DDP<\/strong>.<\/p>\n<\/div>\n<\/div><\/div><\/div><div class=\"fusion-layout-column fusion_builder_column fusion-builder-column-2 fusion_builder_column_1_1 1_1 fusion-flex-column\" style=\"--awb-bg-size:cover;--awb-width-large:100%;--awb-margin-top-large:35px;--awb-spacing-right-large:1.92%;--awb-margin-bottom-large:0px;--awb-spacing-left-large:1.92%;--awb-width-medium:100%;--awb-order-medium:0;--awb-spacing-right-medium:1.92%;--awb-spacing-left-medium:1.92%;--awb-width-small:100%;--awb-order-small:0;--awb-spacing-right-small:1.92%;--awb-spacing-left-small:1.92%;\"><div class=\"fusion-column-wrapper fusion-column-has-shadow fusion-flex-justify-content-flex-start fusion-content-layout-column\"><div class=\"fusion-text fusion-text-3\"><div class=\"article__boxbody\">\n<p><strong data-fusion-font=\"true\" data-fusion-google-font=\"Archivo\" data-fusion-google-variant=\"700\" style=\"font-family: Archivo; font-weight: 700;\">IMPORTANT NOTE:<\/strong><span data-fusion-font=\"true\" data-fusion-google-font=\"Archivo\" data-fusion-google-variant=\"700\" style=\"font-family: Archivo; font-weight: 700;\"> <\/span>Incoterms\u00ae are terms of sale in a contract between the <strong>buyer and the seller<\/strong> and should not be confused with contracts of carriage between the shipper and the carrier. However, trading parties should provide carriers with clear information on which Incoterms\u00ae are used in the sales contract. This ensures that the contract of carriage aligns with the contract of sale.<\/p>\n<p>Incoterms\u00ae address the allocation of costs and risks between the seller and the buyer, as well as certain obligations related to customs clearance, insurance, and division of responsibilities (e.g., who is responsible for customs clearance). There may, however, be additional terms that need to be specifically defined in the contract, beyond the Incoterms\u00ae themselves.<br \/>\nSellers should therefore:<\/p>\n<ul>\n<li>\n<div>Specify how delivery is to be carried out, in particular, who is responsible for loading and unloading.<\/div>\n<\/li>\n<li>\n<div>Specify the type and level of insurance required, as well as its geographical and temporal scope (where and when coverage begins and ends).<\/div>\n<\/li>\n<li>\n<div>Specify requirements or restrictions regarding means or modes of transport (e.g., refrigerated containers, not to be stowed on deck, etc.).<\/div>\n<\/li>\n<li>\n<div>Ensure that the contract includes provisions on force majeure, limitation of liability (\u201cexoneration\u201d), or time limits if they are responsible for customs clearance or delivery at an inland destination in a foreign country.<\/div>\n<\/li>\n<\/ul>\n<p>Please note that this is far from an exhaustive explanation of Incoterms\u00ae. Further information is available on the Incoterms\u00ae 2020 website: <a class=\"secure external\" title=\"http:\/\/www.iccwbo.org\/ (Opnast \u00ed n\u00fdjum vafraglugga)\" href=\"https:\/\/iccwbo.org\/resources-for-business\/incoterms-rules\/incoterms-2020\/\" target=\"_blank\" rel=\"noopener\"><u><b style=\"color: var(--awb-color5);\">http:\/\/www.iccwbo.org<\/b><\/u><\/a><\/p>\n<p><strong style=\"font-family: Archivo; font-weight: bold;\" data-fusion-font=\"true\" data-fusion-google-font=\"Archivo\" data-fusion-google-variant=\"700\">Brief Description of Incoterms\u00ae 2020<\/strong><\/p>\n<h4 class=\"fusion-responsive-typography-calculated\" style=\"--fontsize: 24; line-height: 1; --minfontsize: 24; --fontSize: 24; --minFontSize: 24;\" data-fontsize=\"24\" data-lineheight=\"24px\"><strong>EXW<\/strong><\/h4>\n<p><b data-fusion-font=\"true\" data-fusion-google-font=\"Archivo\" data-fusion-google-variant=\"700\" style=\"font-family: Archivo; font-weight: 700;\">Ex Works <\/b>(named place, e.g., ex works at a named factory or location)<br \/>\nThe seller delivers the goods at its premises, not cleared for export and not loaded onto any means of transport. If the parties wish the seller to be responsible for loading and to bear the cost and risk of loading, this must be clearly stated in the sales contract.<\/p>\n<\/p>\n<div class=\"fusion-separator fusion-full-width-sep\" style=\"align-self: center;margin-left: auto;margin-right: auto;margin-top:5px;margin-bottom:15px;width:100%;\"><div class=\"fusion-separator-border sep-single sep-solid\" style=\"--awb-height:20px;--awb-amount:20px;border-color:var(--awb-color3);border-top-width:1px;\"><\/div><\/div>\n<h4 class=\"fusion-responsive-typography-calculated\" style=\"--fontsize: 24; line-height: 1; --minfontsize: 24; --fontSize: 24; --minFontSize: 24;\" data-fontsize=\"24\" data-lineheight=\"24px\"><strong>FCA<\/strong><\/h4>\n<p><span data-fusion-font=\"true\" data-fusion-google-font=\"Archivo\" data-fusion-google-variant=\"700\" style=\"font-family: Archivo; font-weight: 700;\">Free Carrier<\/span> (named place)<br \/>\nThe seller delivers the goods to the carrier nominated by the buyer at the named place. These terms apply to all modes of transport, including air, rail, road, and multimodal transport, including containerized cargo. The seller is responsible for export clearance and related charges.<\/p>\n<\/p>\n<div class=\"fusion-separator fusion-full-width-sep\" style=\"align-self: center;margin-left: auto;margin-right: auto;margin-top:5px;margin-bottom:15px;width:100%;\"><div class=\"fusion-separator-border sep-single sep-solid\" style=\"--awb-height:20px;--awb-amount:20px;border-color:var(--awb-color3);border-top-width:1px;\"><\/div><\/div>\n<h4 class=\"fusion-responsive-typography-calculated\" style=\"--fontsize: 24; line-height: 1; --minfontsize: 24; --fontSize: 24; --minFontSize: 24;\" data-fontsize=\"24\" data-lineheight=\"24px\"><strong>FAS<\/strong><\/h4>\n<p><span data-fusion-font=\"true\" data-fusion-google-font=\"Archivo\" data-fusion-google-variant=\"700\" style=\"font-family: Archivo; font-weight: 700;\">Free Alongside Ship<\/span> (named port of shipment)<br \/>\nThe seller delivers the goods alongside the vessel at the named port. The seller is responsible for export clearance and related charges. These terms apply only to sea and inland waterway transport.<\/p>\n<\/p>\n<div class=\"fusion-separator fusion-full-width-sep\" style=\"align-self: center;margin-left: auto;margin-right: auto;margin-top:5px;margin-bottom:15px;width:100%;\"><div class=\"fusion-separator-border sep-single sep-solid\" style=\"--awb-height:20px;--awb-amount:20px;border-color:var(--awb-color3);border-top-width:1px;\"><\/div><\/div>\n<h4 class=\"fusion-responsive-typography-calculated\" style=\"--fontsize: 24; line-height: 1; --minfontsize: 24; --fontSize: 24; --minFontSize: 24;\" data-fontsize=\"24\" data-lineheight=\"24px\"><strong>FOB<\/strong><\/h4>\n<p><span data-fusion-font=\"true\" data-fusion-google-font=\"Archivo\" data-fusion-google-variant=\"700\" style=\"font-family: Archivo; font-weight: 700;\">Free On Board<\/span> (named port of shipment)<br \/>\nDelivery occurs when the goods pass over the ship\u2019s rail at the port of shipment designated by the buyer. From that moment, the buyer bears all costs and risks. The seller is responsible for export clearance and charges. This term applies only to sea and inland waterway transport and is not suitable for containerized or multimodal transport.<\/p>\n<\/p>\n<div class=\"fusion-separator fusion-full-width-sep\" style=\"align-self: center;margin-left: auto;margin-right: auto;margin-top:5px;margin-bottom:15px;width:100%;\"><div class=\"fusion-separator-border sep-single sep-solid\" style=\"--awb-height:20px;--awb-amount:20px;border-color:var(--awb-color3);border-top-width:1px;\"><\/div><\/div>\n<h4 class=\"fusion-responsive-typography-calculated\" style=\"--fontsize: 24; line-height: 1; --minfontsize: 24; --fontSize: 24; --minFontSize: 24;\" data-fontsize=\"24\" data-lineheight=\"24px\"><strong>CFR<\/strong><\/h4>\n<p>C<span data-fusion-font=\"true\" data-fusion-google-font=\"Archivo\" data-fusion-google-variant=\"700\" style=\"font-family: Archivo; font-weight: 700;\">ost and Freight <\/span>(named port of destination)<br \/>\nThe seller pays the costs and freight necessary to bring the goods to the named port of destination. However, delivery and transfer of risk occur when the goods pass over the ship\u2019s rail at the port of shipment. This term applies only to sea and inland waterway transport and is not suitable for containerized or multimodal transport.<\/p>\n<\/p>\n<div class=\"fusion-separator fusion-full-width-sep\" style=\"align-self: center;margin-left: auto;margin-right: auto;margin-top:5px;margin-bottom:15px;width:100%;\"><div class=\"fusion-separator-border sep-single sep-solid\" style=\"--awb-height:20px;--awb-amount:20px;border-color:var(--awb-color3);border-top-width:1px;\"><\/div><\/div>\n<h4 class=\"fusion-responsive-typography-calculated\" style=\"--fontsize: 24; line-height: 1; --minfontsize: 24; --fontSize: 24; --minFontSize: 24;\" data-fontsize=\"24\" data-lineheight=\"24px\"><strong>CIF<\/strong><\/h4>\n<p><span data-fusion-font=\"true\" data-fusion-google-font=\"Archivo\" data-fusion-google-variant=\"700\" style=\"font-family: Archivo; font-weight: 700;\">Cost, Insurance and Freight<\/span> (named port of destination)<br \/>\nThe same as CFR, except that the seller must also procure and pay for insurance on the goods. The seller is only required to obtain minimum insurance coverage unless otherwise agreed. This term applies only to sea and inland waterway transport and is not suitable for containerized or multimodal transport.<\/p>\n<\/p>\n<div class=\"fusion-separator fusion-full-width-sep\" style=\"align-self: center;margin-left: auto;margin-right: auto;margin-top:5px;margin-bottom:15px;width:100%;\"><div class=\"fusion-separator-border sep-single sep-solid\" style=\"--awb-height:20px;--awb-amount:20px;border-color:var(--awb-color3);border-top-width:1px;\"><\/div><\/div>\n<h4 class=\"fusion-responsive-typography-calculated\" style=\"--fontsize: 24; line-height: 1; --minfontsize: 24; --fontSize: 24; --minFontSize: 24;\" data-fontsize=\"24\" data-lineheight=\"24px\"><strong>CPT<\/strong><\/h4>\n<p>C<span data-fusion-font=\"true\" data-fusion-google-font=\"Archivo\" data-fusion-google-variant=\"700\" style=\"font-family: Archivo; font-weight: 700;\">arriage Paid To <\/span>(named place of destination)<br \/>\nThe seller delivers the goods to a carrier of their choice and pays the transport costs to the named destination. Risk and any additional costs are transferred to the buyer once the goods have been delivered to the carrier. These terms may be used for all modes of transport, including multimodal and containerized transport.<\/p>\n<\/p>\n<div class=\"fusion-separator fusion-full-width-sep\" style=\"align-self: center;margin-left: auto;margin-right: auto;margin-top:5px;margin-bottom:15px;width:100%;\"><div class=\"fusion-separator-border sep-single sep-solid\" style=\"--awb-height:20px;--awb-amount:20px;border-color:var(--awb-color3);border-top-width:1px;\"><\/div><\/div>\n<h4 class=\"fusion-responsive-typography-calculated\" style=\"--fontsize: 24; line-height: 1; --minfontsize: 24; --fontSize: 24; --minFontSize: 24;\" data-fontsize=\"24\" data-lineheight=\"24px\"><strong>CIP<\/strong><\/h4>\n<p><span data-fusion-font=\"true\" data-fusion-google-font=\"Archivo\" data-fusion-google-variant=\"700\" style=\"font-family: Archivo; font-weight: 700;\">Carriage and Insurance Paid To<\/span> (named place of destination)<br \/>\nThe seller delivers the goods to a carrier of their choice and pays transport costs to the named destination. Risk transfers to the buyer upon delivery to the carrier. Under CIP, the seller must also procure insurance covering the buyer\u2019s risk of loss or damage during transport. These terms may be used for all modes of transport, including multimodal and containerized transport.<\/p>\n<\/p>\n<div class=\"fusion-separator fusion-full-width-sep\" style=\"align-self: center;margin-left: auto;margin-right: auto;margin-top:5px;margin-bottom:15px;width:100%;\"><div class=\"fusion-separator-border sep-single sep-solid\" style=\"--awb-height:20px;--awb-amount:20px;border-color:var(--awb-color3);border-top-width:1px;\"><\/div><\/div>\n<h4 class=\"fusion-responsive-typography-calculated\" style=\"--fontsize: 24; line-height: 1; --minfontsize: 24; --fontSize: 24; --minFontSize: 24;\" data-fontsize=\"24\" data-lineheight=\"24px\"><strong>DPU<\/strong><\/h4>\n<p><span data-fusion-font=\"true\" data-fusion-google-font=\"Archivo\" data-fusion-google-variant=\"700\" style=\"font-family: Archivo; font-weight: 700;\">Delivered at Place Unloaded<\/span> (named place of destination)<br \/>\nThe seller delivers the goods and unloads them at the named place of destination.<\/p>\n<\/p>\n<div class=\"fusion-separator fusion-full-width-sep\" style=\"align-self: center;margin-left: auto;margin-right: auto;margin-top:5px;margin-bottom:15px;width:100%;\"><div class=\"fusion-separator-border sep-single sep-solid\" style=\"--awb-height:20px;--awb-amount:20px;border-color:var(--awb-color3);border-top-width:1px;\"><\/div><\/div>\n<h4 class=\"fusion-responsive-typography-calculated\" style=\"--fontsize: 24; line-height: 1; --minfontsize: 24; --fontSize: 24; --minFontSize: 24;\" data-fontsize=\"24\" data-lineheight=\"24px\"><strong>DAP<\/strong><\/h4>\n<p><span data-fusion-font=\"true\" data-fusion-google-font=\"Archivo\" data-fusion-google-variant=\"700\" style=\"font-family: Archivo; font-weight: 700;\">Delivered at Place <\/span>(named place of destination)<br \/>\nThe seller bears the costs and risks of delivering the goods to the named destination, not unloaded from the arriving means of transport. The buyer is responsible for import clearance and payment of import duties. The exact place of delivery must be clearly specified in the contract; the seller may choose a place that is most convenient within the agreed area.<\/p>\n<\/p>\n<div class=\"fusion-separator fusion-full-width-sep\" style=\"align-self: center;margin-left: auto;margin-right: auto;margin-top:5px;margin-bottom:15px;width:100%;\"><div class=\"fusion-separator-border sep-single sep-solid\" style=\"--awb-height:20px;--awb-amount:20px;border-color:var(--awb-color3);border-top-width:1px;\"><\/div><\/div>\n<h4 class=\"fusion-responsive-typography-calculated\" style=\"--fontsize: 24; line-height: 1; --minfontsize: 24; --fontSize: 24; --minFontSize: 24;\" data-fontsize=\"24\" data-lineheight=\"24px\"><strong>DDP<\/strong><\/h4>\n<p><span data-fusion-font=\"true\" data-fusion-google-font=\"Archivo\" data-fusion-google-variant=\"700\" style=\"font-family: Archivo; font-weight: 700;\">Delivered Duty Paid<\/span> (named place of destination)<br \/>\nThe seller bears all costs and risks to deliver the goods to the named destination, cleared for import but not unloaded from the arriving means of transport. These terms place the maximum obligation on the seller. It is essential to clearly specify the exact place of delivery in the contract; otherwise, the seller may choose the most convenient location within the agreed area. If the parties wish to exclude certain import charges, such as VAT, this must be explicitly stated in the sales contract.<\/p>\n<\/p>\n<div class=\"fusion-separator fusion-full-width-sep\" style=\"align-self: center;margin-left: auto;margin-right: auto;margin-top:5px;margin-bottom:15px;width:100%;\"><div class=\"fusion-separator-border sep-single sep-solid\" style=\"--awb-height:20px;--awb-amount:20px;border-color:var(--awb-color3);border-top-width:1px;\"><\/div><\/div>\n<p>This text is based on Incoterms\u00ae 2020 and is provided for informational purposes only, without any liability.<br \/>\nFurther information is available on the website of the International Chamber of Commerce: <a class=\"external\" title=\"http:\/\/www.iccwbo.org\/incoterms\/ (Opnast \u00ed n\u00fdjum vafraglugga)\" href=\"http:\/\/www.iccwbo.org\/incoterms\/\" target=\"_blank\" rel=\"noopener\"><u><span style=\"color: var(--awb-color5);\">http:\/\/www.iccwbo.org\/incoterms\/<\/span><\/u><\/a><\/p>\n<\/div>\n<\/div><\/div><\/div><\/div><\/div>\n","protected":false},"excerpt":{"rendered":"","protected":false},"author":16,"featured_media":0,"parent":8,"menu_order":0,"comment_status":"closed","ping_status":"closed","template":"","meta":{"_acf_changed":false,"footnotes":""},"class_list":["post-10604","page","type-page","status-publish","hentry"],"acf":[],"_links":{"self":[{"href":"https:\/\/www.samskip.is\/en\/wp-json\/wp\/v2\/pages\/10604","targetHints":{"allow":["GET"]}}],"collection":[{"href":"https:\/\/www.samskip.is\/en\/wp-json\/wp\/v2\/pages"}],"about":[{"href":"https:\/\/www.samskip.is\/en\/wp-json\/wp\/v2\/types\/page"}],"author":[{"embeddable":true,"href":"https:\/\/www.samskip.is\/en\/wp-json\/wp\/v2\/users\/16"}],"replies":[{"embeddable":true,"href":"https:\/\/www.samskip.is\/en\/wp-json\/wp\/v2\/comments?post=10604"}],"version-history":[{"count":14,"href":"https:\/\/www.samskip.is\/en\/wp-json\/wp\/v2\/pages\/10604\/revisions"}],"predecessor-version":[{"id":1298379522,"href":"https:\/\/www.samskip.is\/en\/wp-json\/wp\/v2\/pages\/10604\/revisions\/1298379522"}],"up":[{"embeddable":true,"href":"https:\/\/www.samskip.is\/en\/wp-json\/wp\/v2\/pages\/8"}],"wp:attachment":[{"href":"https:\/\/www.samskip.is\/en\/wp-json\/wp\/v2\/media?parent=10604"}],"curies":[{"name":"wp","href":"https:\/\/api.w.org\/{rel}","templated":true}]}}