{"id":9866,"date":"2025-08-14T14:07:55","date_gmt":"2025-08-14T14:07:55","guid":{"rendered":"https:\/\/en.samskip.webdev.is\/?page_id=9866"},"modified":"2026-01-29T16:17:16","modified_gmt":"2026-01-29T16:17:16","slug":"billing","status":"publish","type":"page","link":"https:\/\/www.samskip.is\/en\/services\/billing\/","title":{"rendered":"Billing Terms Glossary"},"content":{"rendered":"<div class=\"fusion-fullwidth fullwidth-box fusion-builder-row-1 fusion-flex-container has-pattern-background has-mask-background nonhundred-percent-fullwidth non-hundred-percent-height-scrolling\" style=\"--awb-border-radius-top-left:0px;--awb-border-radius-top-right:0px;--awb-border-radius-bottom-right:0px;--awb-border-radius-bottom-left:0px;--awb-padding-top:30px;--awb-padding-bottom:30px;--awb-flex-wrap:wrap;\" ><div class=\"fusion-builder-row fusion-row fusion-flex-align-items-flex-start fusion-flex-content-wrap\" style=\"max-width:1456px;margin-left: calc(-4% \/ 2 );margin-right: calc(-4% \/ 2 );\"><div class=\"fusion-layout-column fusion_builder_column fusion-builder-column-0 fusion_builder_column_2_3 2_3 fusion-flex-column\" style=\"--awb-bg-size:cover;--awb-width-large:66.666666666667%;--awb-margin-top-large:0px;--awb-spacing-right-large:0%;--awb-margin-bottom-large:0px;--awb-spacing-left-large:2.88%;--awb-width-medium:66.666666666667%;--awb-order-medium:0;--awb-spacing-right-medium:0%;--awb-spacing-left-medium:2.88%;--awb-width-small:100%;--awb-order-small:0;--awb-spacing-right-small:1.92%;--awb-spacing-left-small:1.92%;\"><div class=\"fusion-column-wrapper fusion-column-has-shadow fusion-flex-justify-content-flex-start fusion-content-layout-column\"><div class=\"fusion-text fusion-text-1\"><p>The shipping and transport industry uses a large number of English terms in its operations.<br \/>\nHere you can find glossaries and explanations of the charge items listed on invoices and quotations in English\/Icelandic.<\/p>\n<\/div>\n<div class=\"table-1\">\n<table width=\"80%\">\n<tbody>\n<tr>\n<th style=\"text-align: left;\">Enska<\/th>\n<th style=\"text-align: left;\">\u00cdslenska<\/th>\n<\/tr>\n<tr>\n<td><strong>ADMIN FEE<\/strong><\/td>\n<td>Ums\u00fdslugjald<\/td>\n<\/tr>\n<tr>\n<td><strong>BAF<\/strong><\/td>\n<td>Ol\u00edugjald<\/td>\n<\/tr>\n<tr>\n<td><strong>B\/L FEE<\/strong><\/td>\n<td>Farmbr\u00e9fsgjald<\/td>\n<\/tr>\n<tr>\n<td><strong>CLEARANCE<\/strong><\/td>\n<td>Tollun vara<\/td>\n<\/tr>\n<tr>\n<td><strong>COLLECTION FEE<\/strong><\/td>\n<td>Innheimtu\u00fe\u00f3knun<\/td>\n<\/tr>\n<tr>\n<td><strong>CUSTOM DOCUMENT<\/strong><\/td>\n<td>Tollskjalager\u00f0<\/td>\n<\/tr>\n<tr>\n<td><strong>CUSTOMS DUTIES<\/strong><\/td>\n<td>Gj\u00f6ld tollayfirvalda<\/td>\n<\/tr>\n<tr>\n<td><strong>DETENTION<\/strong><\/td>\n<td>G\u00e1maleiga<\/td>\n<\/tr>\n<tr>\n<td><strong>DEMURAGE<\/strong><\/td>\n<td>St\u00e6\u00f0aleiga<\/td>\n<\/tr>\n<tr>\n<td><strong>DANGEROUS SUR<\/strong><\/td>\n<td>\u00c1lag vegna h\u00e6ttulegra efna<\/td>\n<\/tr>\n<tr>\n<td><strong>DISBURSEMENT<\/strong><\/td>\n<td>Erlendur kostna\u00f0ur<\/td>\n<\/tr>\n<tr>\n<td><strong>DISCHARGING<\/strong><\/td>\n<td>Uppskipun<\/td>\n<\/tr>\n<tr>\n<td><strong>FOC DAYS<\/strong> (Free of Charge Days)<\/td>\n<td>Fr\u00eddagar<\/td>\n<\/tr>\n<tr>\n<td><strong>FREIGHT<\/strong><\/td>\n<td>Sj\u00f3flutningur<\/td>\n<\/tr>\n<tr>\n<td><strong>FUEL SURCHARGE<\/strong><\/td>\n<td>Ol\u00edu\u00e1lag<\/td>\n<\/tr>\n<tr>\n<td><strong>HARB. SECURITY<\/strong><\/td>\n<td>Hafnarvernd<\/td>\n<\/tr>\n<tr>\n<td><strong>INLAND HAULAGE<\/strong><\/td>\n<td>Akstur innanlands<\/td>\n<\/tr>\n<tr>\n<td><strong>ISPS<\/strong><\/td>\n<td>\u00d6ryggisgjald<\/td>\n<\/tr>\n<tr>\n<td><strong>LOADING<\/strong><\/td>\n<td>\u00datskipun<\/td>\n<\/tr>\n<tr>\n<td><strong>ONCARRIAGE<\/strong><\/td>\n<td>Framhaldsflutningur<\/td>\n<\/tr>\n<tr>\n<td><strong>PRECARRIAGE<\/strong><\/td>\n<td>Forflutningur<\/td>\n<\/tr>\n<tr>\n<td><strong>REPOSITIONING<\/strong><\/td>\n<td>Sta\u00f0setningargjald<\/td>\n<\/tr>\n<tr>\n<td><strong>SECURITY STATEMENT<\/strong><\/td>\n<td>Farmverndaryfirl\u00fdsing<\/td>\n<\/tr>\n<tr>\n<td><strong>SERVICE CHARGE<\/strong><\/td>\n<td>Afgrei\u00f0slugjald<\/td>\n<\/tr>\n<tr>\n<td><strong>SPECIAL SUR<\/strong><\/td>\n<td>\u00c1lag v. S\u00e9rstaks b\u00fana\u00f0s<\/td>\n<\/tr>\n<tr>\n<td><strong>STRIPPING<\/strong><\/td>\n<td>T\u00e6ming \u00e1 g\u00e1mi<\/td>\n<\/tr>\n<tr>\n<td><strong>TERMINAL HANDL.<\/strong><\/td>\n<td>Lestun\/losun erlendis<\/td>\n<\/tr>\n<tr>\n<td><strong>THC REEFER<\/strong><\/td>\n<td>\u00c1lag vegna k\u00e6li\/frystig\u00e1ma<\/td>\n<\/tr>\n<tr>\n<td><strong>WHARFAGE<\/strong><\/td>\n<td>V\u00f6rugj\u00f6ld<\/td>\n<\/tr>\n<tr>\n<td><strong>COURIER COST DESTINATION PORT<\/strong><\/td>\n<td>\u00a0\u00c1byrg\u00f0arp\u00f3stur innanlands<\/td>\n<\/tr>\n<\/tbody>\n<\/table>\n<\/div>\n<\/div><\/div><div class=\"fusion-layout-column fusion_builder_column fusion-builder-column-1 fusion_builder_column_1_3 1_3 fusion-flex-column\" style=\"--awb-bg-size:cover;--awb-width-large:33.333333333333%;--awb-margin-top-large:30px;--awb-spacing-right-large:5.76%;--awb-margin-bottom-large:0px;--awb-spacing-left-large:0%;--awb-width-medium:33.333333333333%;--awb-order-medium:0;--awb-spacing-right-medium:5.76%;--awb-spacing-left-medium:0%;--awb-width-small:100%;--awb-order-small:0;--awb-spacing-right-small:1.92%;--awb-spacing-left-small:1.92%;\"><div class=\"fusion-column-wrapper fusion-column-has-shadow fusion-flex-justify-content-flex-start fusion-content-layout-column\"><div class=\"fusion-image-element \" style=\"--awb-caption-title-font-family:var(--h2_typography-font-family);--awb-caption-title-font-weight:var(--h2_typography-font-weight);--awb-caption-title-font-style:var(--h2_typography-font-style);--awb-caption-title-size:var(--h2_typography-font-size);--awb-caption-title-transform:var(--h2_typography-text-transform);--awb-caption-title-line-height:var(--h2_typography-line-height);--awb-caption-title-letter-spacing:var(--h2_typography-letter-spacing);\"><span class=\" fusion-imageframe imageframe-none imageframe-1 hover-type-none\"><img decoding=\"async\" width=\"850\" height=\"519\" title=\"is-front-image-850&#215;519-c-default\" src=\"https:\/\/www.samskip.is\/en\/wp-content\/uploads\/sites\/9\/2025\/07\/is-front-image-850x519-c-default.jpg\" alt class=\"img-responsive wp-image-8873\" srcset=\"https:\/\/www.samskip.is\/en\/wp-content\/uploads\/sites\/9\/2025\/07\/is-front-image-850x519-c-default-200x122.jpg 200w, https:\/\/www.samskip.is\/en\/wp-content\/uploads\/sites\/9\/2025\/07\/is-front-image-850x519-c-default-400x244.jpg 400w, https:\/\/www.samskip.is\/en\/wp-content\/uploads\/sites\/9\/2025\/07\/is-front-image-850x519-c-default-600x366.jpg 600w, https:\/\/www.samskip.is\/en\/wp-content\/uploads\/sites\/9\/2025\/07\/is-front-image-850x519-c-default-800x488.jpg 800w, https:\/\/www.samskip.is\/en\/wp-content\/uploads\/sites\/9\/2025\/07\/is-front-image-850x519-c-default.jpg 850w\" sizes=\"(max-width: 640px) 100vw, 600px\" \/><\/span><\/div><\/div><\/div><\/div><\/div>\n","protected":false},"excerpt":{"rendered":"","protected":false},"author":16,"featured_media":0,"parent":10,"menu_order":0,"comment_status":"closed","ping_status":"closed","template":"","meta":{"_acf_changed":false,"footnotes":""},"class_list":["post-9866","page","type-page","status-publish","hentry"],"acf":[],"_links":{"self":[{"href":"https:\/\/www.samskip.is\/en\/wp-json\/wp\/v2\/pages\/9866","targetHints":{"allow":["GET"]}}],"collection":[{"href":"https:\/\/www.samskip.is\/en\/wp-json\/wp\/v2\/pages"}],"about":[{"href":"https:\/\/www.samskip.is\/en\/wp-json\/wp\/v2\/types\/page"}],"author":[{"embeddable":true,"href":"https:\/\/www.samskip.is\/en\/wp-json\/wp\/v2\/users\/16"}],"replies":[{"embeddable":true,"href":"https:\/\/www.samskip.is\/en\/wp-json\/wp\/v2\/comments?post=9866"}],"version-history":[{"count":7,"href":"https:\/\/www.samskip.is\/en\/wp-json\/wp\/v2\/pages\/9866\/revisions"}],"predecessor-version":[{"id":1298379663,"href":"https:\/\/www.samskip.is\/en\/wp-json\/wp\/v2\/pages\/9866\/revisions\/1298379663"}],"up":[{"embeddable":true,"href":"https:\/\/www.samskip.is\/en\/wp-json\/wp\/v2\/pages\/10"}],"wp:attachment":[{"href":"https:\/\/www.samskip.is\/en\/wp-json\/wp\/v2\/media?parent=9866"}],"curies":[{"name":"wp","href":"https:\/\/api.w.org\/{rel}","templated":true}]}}